{"id":2827,"date":"2023-02-22T17:28:13","date_gmt":"2023-02-22T15:28:13","guid":{"rendered":"https:\/\/foster.bidfood.be\/index.php\/over\/waarom-bidfood\/"},"modified":"2025-07-07T14:22:52","modified_gmt":"2025-07-07T12:22:52","slug":"foster-fast-food","status":"publish","type":"page","link":"https:\/\/foster.bidfood.be\/nl\/over\/foster-fast-food\/","title":{"rendered":"Foster Fast Food"},"content":{"rendered":"\t\t<div data-elementor-type=\"wp-page\" data-elementor-id=\"2827\" class=\"elementor elementor-2827 elementor-545\">\n\t\t\t\t\t\t\t\t\t<section class=\" elementor-section elementor-top-section elementor-element elementor-element-8cfadc5 elementor-section-full_width elementor-section-stretched elementor-section-height-default elementor-section-height-default\" data-id=\"8cfadc5\" data-element_type=\"section\" data-settings=\"{&quot;stretch_section&quot;:&quot;section-stretched&quot;}\">\r\n\t\t\t\t\t\t\t\t<div class=\"elementor-container elementor-column-gap-default\">\r\n\t\t\t\t\r\n\t\t\t\t\t\t\t\t<div class=\" elementor-column elementor-col-100 elementor-top-column elementor-element elementor-element-3e9742c \" data-id=\"3e9742c\" data-element_type=\"column\">\r\n\r\n\t\t\t\t\r\n\t\t\t\t<div class=\"elementor-widget-wrap elementor-element-populated\">\r\n\t\t\t\t\t\t\t\t\t\t\r\n\t\t\t\t\t\t<div class=\"elementor-element elementor-element-f957bab elementor-widget elementor-widget-slider_revolution\" data-id=\"f957bab\" data-element_type=\"widget\" data-widget_type=\"slider_revolution.default\">\n\t\t\t\t<div class=\"elementor-widget-container\">\n\t\t\t\n\t\t<div class=\"wp-block-themepunch-revslider\">\n\t\t\t<!-- START Foster Fast Food REVOLUTION SLIDER 6.5.24 --><p class=\"rs-p-wp-fix\"><\/p>\n\t\t\t<rs-module-wrap id=\"rev_slider_76_1_wrapper\" data-source=\"gallery\" style=\"visibility:hidden;background:transparent;padding:0;margin:0px auto;margin-top:0;margin-bottom:0;\">\n\t\t\t\t<rs-module id=\"rev_slider_76_1\" style=\"\" data-version=\"6.5.24\">\n\t\t\t\t\t<rs-slides>\n\t\t\t\t\t\t<rs-slide style=\"position: absolute;\" data-key=\"rs-103\" data-title=\"Slide\" data-in=\"o:0;\" data-out=\"a:false;\">\n\t\t\t\t\t\t\t<img fetchpriority=\"high\" decoding=\"async\" src=\"\/\/foster.bidfood.be\/wp-content\/plugins\/revslider\/public\/assets\/assets\/dummy.png\" alt=\"\" title=\"wagenpark\" width=\"1920\" height=\"894\" class=\"rev-slidebg tp-rs-img rs-lazyload\" data-lazyload=\"\/\/foster.bidfood.be\/wp-content\/uploads\/2025\/06\/wagenpark.jpg\" data-no-retina>\n<!--\n\t\t\t\t\t\t\t--><rs-layer\n\t\t\t\t\t\t\t\tid=\"slider-76-slide-103-layer-1\" \n\t\t\t\t\t\t\t\tdata-type=\"text\"\n\t\t\t\t\t\t\t\tdata-color=\"rgba(249,249,249,1)\"\n\t\t\t\t\t\t\t\tdata-rsp_ch=\"on\"\n\t\t\t\t\t\t\t\tdata-xy=\"x:419px;y:164px;\"\n\t\t\t\t\t\t\t\tdata-text=\"s:56;l:22;fw:700;a:center;\"\n\t\t\t\t\t\t\t\tdata-frame_1=\"st:290;sR:290;\"\n\t\t\t\t\t\t\t\tdata-frame_999=\"o:0;st:w;sR:8410;\"\n\t\t\t\t\t\t\t\tstyle=\"z-index:5;font-family:'Comfortaa';\"\n\t\t\t\t\t\t\t>Foster Fast Food \n\t\t\t\t\t\t\t<\/rs-layer><!--\n-->\t\t\t\t\t\t<\/rs-slide>\n\t\t\t\t\t<\/rs-slides>\n\t\t\t\t<\/rs-module>\n\t\t\t\t<script>\n\t\t\t\t\tsetREVStartSize({c: 'rev_slider_76_1',rl:[1240,1024,778,480],el:[300],gw:[1240],gh:[300],type:'standard',justify:'',layout:'fullwidth',mh:\"0\"});if (window.RS_MODULES!==undefined && window.RS_MODULES.modules!==undefined && window.RS_MODULES.modules[\"revslider761\"]!==undefined) {window.RS_MODULES.modules[\"revslider761\"].once = false;window.revapi76 = undefined;if (window.RS_MODULES.checkMinimal!==undefined) window.RS_MODULES.checkMinimal()}\n\t\t\t\t<\/script>\n\t\t\t<\/rs-module-wrap>\n\t\t\t<!-- END REVOLUTION SLIDER -->\n<\/div>\n\n\t\t\t\t<\/div>\n\t\t\t\t<\/div>\n\t\t\t\t\t\t<\/div>\r\n\t\t\t\t<\/div>\r\n\t\t\t\t\t\t\t\t<\/div>\r\n\t\t\t<\/section>\r\n\t\t\t\t\t<section class=\" elementor-section elementor-top-section elementor-element elementor-element-46ab841 elementor-section-boxed elementor-section-height-default elementor-section-height-default\" data-id=\"46ab841\" data-element_type=\"section\">\r\n\t\t\t\t\t\t\t\t<div class=\"elementor-container elementor-column-gap-default\">\r\n\t\t\t\t\r\n\t\t\t\t\t\t\t\t<div class=\" elementor-column elementor-col-100 elementor-top-column elementor-element elementor-element-a9eb1e2 \" data-id=\"a9eb1e2\" data-element_type=\"column\">\r\n\r\n\t\t\t\t\r\n\t\t\t\t<div class=\"elementor-widget-wrap elementor-element-populated\">\r\n\t\t\t\t\t\t\t\t\t\t\r\n\t\t\t\t\t\t<div class=\"elementor-element elementor-element-7cd6642 elementor-widget elementor-widget-spacer\" data-id=\"7cd6642\" data-element_type=\"widget\" data-widget_type=\"spacer.default\">\n\t\t\t\t<div class=\"elementor-widget-container\">\n\t\t\t<style>\/*! elementor - v3.18.0 - 20-12-2023 *\/\n.elementor-column .elementor-spacer-inner{height:var(--spacer-size)}.e-con{--container-widget-width:100%}.e-con-inner>.elementor-widget-spacer,.e-con>.elementor-widget-spacer{width:var(--container-widget-width,var(--spacer-size));--align-self:var(--container-widget-align-self,initial);--flex-shrink:0}.e-con-inner>.elementor-widget-spacer>.elementor-widget-container,.e-con>.elementor-widget-spacer>.elementor-widget-container{height:100%;width:100%}.e-con-inner>.elementor-widget-spacer>.elementor-widget-container>.elementor-spacer,.e-con>.elementor-widget-spacer>.elementor-widget-container>.elementor-spacer{height:100%}.e-con-inner>.elementor-widget-spacer>.elementor-widget-container>.elementor-spacer>.elementor-spacer-inner,.e-con>.elementor-widget-spacer>.elementor-widget-container>.elementor-spacer>.elementor-spacer-inner{height:var(--container-widget-height,var(--spacer-size))}.e-con-inner>.elementor-widget-spacer.elementor-widget-empty,.e-con>.elementor-widget-spacer.elementor-widget-empty{position:relative;min-height:22px;min-width:22px}.e-con-inner>.elementor-widget-spacer.elementor-widget-empty .elementor-widget-empty-icon,.e-con>.elementor-widget-spacer.elementor-widget-empty .elementor-widget-empty-icon{position:absolute;top:0;bottom:0;left:0;right:0;margin:auto;padding:0;width:22px;height:22px}<\/style>\t\t<div class=\"elementor-spacer\">\n\t\t\t<div class=\"elementor-spacer-inner\"><\/div>\n\t\t<\/div>\n\t\t\t\t<\/div>\n\t\t\t\t<\/div>\n\t\t\t\t\t\t<\/div>\r\n\t\t\t\t<\/div>\r\n\t\t\t\t\t\t\t\t<\/div>\r\n\t\t\t<\/section>\r\n\t\t\t\t\t<section class=\" elementor-section elementor-top-section elementor-element elementor-element-15667e2 elementor-section-boxed elementor-section-height-default elementor-section-height-default\" data-id=\"15667e2\" data-element_type=\"section\">\r\n\t\t\t\t\t\t\t\t<div class=\"elementor-container elementor-column-gap-default\">\r\n\t\t\t\t\r\n\t\t\t\t\t\t\t\t<div class=\" elementor-column elementor-col-50 elementor-top-column elementor-element elementor-element-d7122dc \" data-id=\"d7122dc\" data-element_type=\"column\">\r\n\r\n\t\t\t\t\r\n\t\t\t\t<div class=\"elementor-widget-wrap elementor-element-populated\">\r\n\t\t\t\t\t\t\t\t\t\t\r\n\t\t\t\t\t\t<div class=\"elementor-element elementor-element-4d0ddf9 elementor-widget elementor-widget-text-editor\" data-id=\"4d0ddf9\" data-element_type=\"widget\" data-widget_type=\"text-editor.default\">\n\t\t\t\t<div class=\"elementor-widget-container\">\n\t\t\t<style>\/*! elementor - v3.18.0 - 20-12-2023 *\/\n.elementor-widget-text-editor.elementor-drop-cap-view-stacked .elementor-drop-cap{background-color:#69727d;color:#fff}.elementor-widget-text-editor.elementor-drop-cap-view-framed .elementor-drop-cap{color:#69727d;border:3px solid;background-color:transparent}.elementor-widget-text-editor:not(.elementor-drop-cap-view-default) .elementor-drop-cap{margin-top:8px}.elementor-widget-text-editor:not(.elementor-drop-cap-view-default) .elementor-drop-cap-letter{width:1em;height:1em}.elementor-widget-text-editor .elementor-drop-cap{float:left;text-align:center;line-height:1;font-size:50px}.elementor-widget-text-editor .elementor-drop-cap-letter{display:inline-block}<\/style>\t\t\t\t<h2>Historiek<\/h2>\n<p>Opgericht in <strong>1985<\/strong> door <strong>Maurice Van Hoof<\/strong> als een specialist in het aanbieden van fast food concepten. Maurice had ervaring aangezien hij aan de basis lag van de opstart van \u00e9\u00e9n van de grootste leiders in fast food hier in Belgi\u00eb. <\/p>\n<p>Sinds 1996 is het bedrijf gevestigd in de instrustriezone van Mechelen Noord. In 2002 heeft Maurice de fakkel doorgegeven aan zijn zoon <strong>Harry Van Hoof<\/strong>. Daarna is het bedrijf sterk gegroeid en uitgebreid naar een nieuw gebouw in de buurt.  <\/p>\n\t\t\t\t\t\t<\/div>\n\t\t\t\t<\/div>\n\t\t\t\t\t\t<\/div>\r\n\t\t\t\t<\/div>\r\n\t\t\t\t\t\t\t\t\t<div class=\" elementor-column elementor-col-50 elementor-top-column elementor-element elementor-element-123acd6 \" data-id=\"123acd6\" data-element_type=\"column\">\r\n\r\n\t\t\t\t\r\n\t\t\t\t<div class=\"elementor-widget-wrap elementor-element-populated\">\r\n\t\t\t\t\t\t\t\t\t\t\r\n\t\t\t\t\t\t<div class=\"elementor-element elementor-element-56a9191 elementor-widget elementor-widget-image\" data-id=\"56a9191\" data-element_type=\"widget\" data-widget_type=\"image.default\">\n\t\t\t\t<div class=\"elementor-widget-container\">\n\t\t\t<style>\/*! elementor - v3.18.0 - 20-12-2023 *\/\n.elementor-widget-image{text-align:center}.elementor-widget-image a{display:inline-block}.elementor-widget-image a img[src$=\".svg\"]{width:48px}.elementor-widget-image img{vertical-align:middle;display:inline-block}<\/style>\t\t\t\t\t\t\t\t\t\t\t\t<img decoding=\"async\" width=\"1024\" height=\"652\" src=\"https:\/\/foster.bidfood.be\/wp-content\/uploads\/2025\/06\/wagenpark2-1024x652.jpg\" class=\"attachment-large size-large wp-image-6889\" alt=\"\" srcset=\"https:\/\/foster.bidfood.be\/wp-content\/uploads\/2025\/06\/wagenpark2-1024x652.jpg 1024w, https:\/\/foster.bidfood.be\/wp-content\/uploads\/2025\/06\/wagenpark2-768x489.jpg 768w\" sizes=\"(max-width: 1024px) 100vw, 1024px\" \/>\t\t\t\t\t\t\t\t\t\t\t\t\t\t\t<\/div>\n\t\t\t\t<\/div>\n\t\t\t\t\t\t<\/div>\r\n\t\t\t\t<\/div>\r\n\t\t\t\t\t\t\t\t<\/div>\r\n\t\t\t<\/section>\r\n\t\t\t\t\t<section class=\" elementor-section elementor-top-section elementor-element elementor-element-1638707 elementor-section-boxed elementor-section-height-default elementor-section-height-default\" data-id=\"1638707\" data-element_type=\"section\">\r\n\t\t\t\t\t\t\t\t<div class=\"elementor-container elementor-column-gap-default\">\r\n\t\t\t\t\r\n\t\t\t\t\t\t\t\t<div class=\" elementor-column elementor-col-50 elementor-top-column elementor-element elementor-element-26e9c30 \" data-id=\"26e9c30\" data-element_type=\"column\">\r\n\r\n\t\t\t\t\r\n\t\t\t\t<div class=\"elementor-widget-wrap elementor-element-populated\">\r\n\t\t\t\t\t\t\t\t\t\t\r\n\t\t\t\t\t\t<div class=\"elementor-element elementor-element-cf0cf1f elementor-widget elementor-widget-image\" data-id=\"cf0cf1f\" data-element_type=\"widget\" data-widget_type=\"image.default\">\n\t\t\t\t<div class=\"elementor-widget-container\">\n\t\t\t\t\t\t\t\t\t\t\t\t\t\t\t<img decoding=\"async\" width=\"1024\" height=\"344\" src=\"https:\/\/foster.bidfood.be\/wp-content\/uploads\/2025\/03\/foster-logo-new-1024x344.jpg\" class=\"attachment-large size-large wp-image-6708\" alt=\"\" srcset=\"https:\/\/foster.bidfood.be\/wp-content\/uploads\/2025\/03\/foster-logo-new-1024x344.jpg 1024w, https:\/\/foster.bidfood.be\/wp-content\/uploads\/2025\/03\/foster-logo-new-768x258.jpg 768w\" sizes=\"(max-width: 1024px) 100vw, 1024px\" \/>\t\t\t\t\t\t\t\t\t\t\t\t\t\t\t<\/div>\n\t\t\t\t<\/div>\n\t\t\t\t\t\t<\/div>\r\n\t\t\t\t<\/div>\r\n\t\t\t\t\t\t\t\t\t<div class=\" elementor-column elementor-col-50 elementor-top-column elementor-element elementor-element-b105339 \" data-id=\"b105339\" data-element_type=\"column\">\r\n\r\n\t\t\t\t\r\n\t\t\t\t<div class=\"elementor-widget-wrap elementor-element-populated\">\r\n\t\t\t\t\t\t\t\t\t\t\r\n\t\t\t\t\t\t<div class=\"elementor-element elementor-element-100fa76 elementor-widget elementor-widget-text-editor\" data-id=\"100fa76\" data-element_type=\"widget\" data-widget_type=\"text-editor.default\">\n\t\t\t\t<div class=\"elementor-widget-container\">\n\t\t\t\t\t\t\t<h5>Sinds eind 2021 maakt Foster Fast Food deel uit van de <a href=\"https:\/\/www.bidfood.be\/nl\"><strong>Bidfood<\/strong><\/a> groep<\/h5>\n<h6>In 2025 werd Alexis Bertholet aangesteld als directeur van Foster, waarmee hij de verdere ontwikkeling van het bedrijf binnen de groep voortzet.<\/h6>\n\t\t\t\t\t\t<\/div>\n\t\t\t\t<\/div>\n\t\t\t\t\t\t<\/div>\r\n\t\t\t\t<\/div>\r\n\t\t\t\t\t\t\t\t<\/div>\r\n\t\t\t<\/section>\r\n\t\t\t\t\t<section class=\" elementor-section elementor-top-section elementor-element elementor-element-dbe5af0 elementor-section-full_width elementor-section-stretched elementor-section-height-default elementor-section-height-default\" data-id=\"dbe5af0\" data-element_type=\"section\" data-settings=\"{&quot;stretch_section&quot;:&quot;section-stretched&quot;,&quot;shape_divider_bottom&quot;:&quot;alpha-shape6&quot;}\">\r\n\t\t\t\t\t<div class=\"elementor-shape elementor-shape-bottom\" data-negative=\"false\">\r\n\t\t\t<svg version=\"1.1\" xmlns=\"http:\/\/www.w3.org\/2000\/svg\" viewBox=\"0 0 1920 192\" preserveAspectRatio=\"none\">\r\n<path opacity=\"0.2\" enable-background=\"new    \" d=\"M1152.2,164.5c202.8-1.5,314.3-52.2,472.5-71.4c167.2-20.7,279.6-12.3,295.3-6.1\r\n\tV0H0v58.6c0,0,158.6-61.4,520.5-33.8C720.4,39.3,847.9,166.8,1152.2,164.5z\"\/>\r\n<path opacity=\"0.5\" enable-background=\"new    \" d=\"M1050,147.6c595.4-135.2,845-13.8,870-4.6V0H0v79.3\r\n\tC0,79.3,479.4,278.2,1050,147.6z\"\/>\r\n<path d=\"M978,118.4c607.1-99.1,917-4.6,942,3.8V0H0v79.3C0,79.3,411.5,211.4,978,118.4z\"\/>\r\n<\/svg>\r\n\t\t<\/div>\r\n\t\t\t\t\t\t\t<div class=\"elementor-container elementor-column-gap-default\">\r\n\t\t\t\t\r\n\t\t\t\t\t\t\t\t<div class=\" elementor-column elementor-col-100 elementor-top-column elementor-element elementor-element-baf1703 \" data-id=\"baf1703\" data-element_type=\"column\">\r\n\r\n\t\t\t\t\r\n\t\t\t\t<div class=\"elementor-widget-wrap elementor-element-populated\">\r\n\t\t\t\t\t\t\t\t\t\t\r\n\t\t\t\t\t\t<div class=\"elementor-element elementor-element-4391fae elementor-widget elementor-widget-text-editor\" data-id=\"4391fae\" data-element_type=\"widget\" data-widget_type=\"text-editor.default\">\n\t\t\t\t<div class=\"elementor-widget-container\">\n\t\t\t\t\t\t\t<h3>Fast Food specialist<\/h3>\n<h6>Bent U opzoek naar een specifiek product of de juiste apparatuur? Wij denken in elke fase met U mee en geven advies op maat. Voor uw zoektocht kan U bij ons terecht.  <\/h6>\n\t\t\t\t\t\t<\/div>\n\t\t\t\t<\/div>\n\t\t\t\t\t\t<\/div>\r\n\t\t\t\t<\/div>\r\n\t\t\t\t\t\t\t\t<\/div>\r\n\t\t\t<\/section>\r\n\t\t\t\t\t<section class=\" elementor-section elementor-top-section elementor-element elementor-element-b4eb3ac elementor-section-boxed elementor-section-height-default elementor-section-height-default\" data-id=\"b4eb3ac\" data-element_type=\"section\">\r\n\t\t\t\t\t\t\t\t<div class=\"elementor-container elementor-column-gap-default\">\r\n\t\t\t\t\r\n\t\t\t\t\t\t\t\t<div class=\" elementor-column elementor-col-50 elementor-top-column elementor-element elementor-element-34a65f4 \" data-id=\"34a65f4\" data-element_type=\"column\">\r\n\r\n\t\t\t\t\r\n\t\t\t\t<div class=\"elementor-widget-wrap elementor-element-populated\">\r\n\t\t\t\t\t\t\t\t\t\t\r\n\t\t\t\t\t\t<div class=\"elementor-element elementor-element-8fb4aa6 elementor-widget elementor-widget-image\" data-id=\"8fb4aa6\" data-element_type=\"widget\" data-widget_type=\"image.default\">\n\t\t\t\t<div class=\"elementor-widget-container\">\n\t\t\t\t\t\t\t\t\t\t\t\t\t\t\t<img loading=\"lazy\" decoding=\"async\" width=\"300\" height=\"252\" src=\"https:\/\/foster.bidfood.be\/wp-content\/uploads\/2025\/06\/brc-300x252.jpg\" class=\"attachment-medium size-medium wp-image-6887\" alt=\"\" \/>\t\t\t\t\t\t\t\t\t\t\t\t\t\t\t<\/div>\n\t\t\t\t<\/div>\n\t\t\t\t\t\t<\/div>\r\n\t\t\t\t<\/div>\r\n\t\t\t\t\t\t\t\t\t<div class=\" elementor-column elementor-col-50 elementor-top-column elementor-element elementor-element-749bd75 \" data-id=\"749bd75\" data-element_type=\"column\">\r\n\r\n\t\t\t\t\r\n\t\t\t\t<div class=\"elementor-widget-wrap elementor-element-populated\">\r\n\t\t\t\t\t\t\t\t\t\t\r\n\t\t\t\t\t\t<div class=\"elementor-element elementor-element-eaaf77d elementor-widget elementor-widget-text-editor\" data-id=\"eaaf77d\" data-element_type=\"widget\" data-widget_type=\"text-editor.default\">\n\t\t\t\t<div class=\"elementor-widget-container\">\n\t\t\t\t\t\t\t<h2>BRC Certificaat<\/h2>\n<p>Als leverancier van voedingsmiddelen voldoet Foster Fast Food aan de eisen van een <a href=\"https:\/\/www.fosterfastfood.be\/src\/Frontend\/Files\/userfiles\/files\/BRC%20CERTIFICAAT%20190531.pdf\">BRC-certificatie<\/a>.<\/p>\n<p>BRC (British Retail Consortium) is een standaard of specificatie ontwikkeld door het British Retail Consortium. Het heeft als doel een uniforme reeks vereisten vast te leggen waaraan hun voedingsleveranciers moeten voldoen op het vlak van voedselveiligheid en -kwaliteit. Deze standaard is inmiddels overgenomen door een groot aantal Belgische retailers. Kort samengevat zijn dit de eisen:   <\/p>\n<ul>\n<li>Voedingsnormen van verhandelde producten naleven<\/li>\n<li>Gemotiveerd HACCP-systeem opstellen<\/li>\n<li>Gedetailleerd kwaliteitsbeheersysteem opmaken<\/li>\n<li>Normen voor inrichting van gebouwen en installaties, goede hygi\u00ebnische praktijken en productie naleven<\/li>\n<li>Het food defense plan naleven<\/li>\n<\/ul>\n\t\t\t\t\t\t<\/div>\n\t\t\t\t<\/div>\n\t\t\t\t\t\t<\/div>\r\n\t\t\t\t<\/div>\r\n\t\t\t\t\t\t\t\t<\/div>\r\n\t\t\t<\/section>\r\n\t\t\t\t\t<section class=\" elementor-section elementor-top-section elementor-element elementor-element-4fb2077 elementor-section-boxed elementor-section-height-default elementor-section-height-default\" data-id=\"4fb2077\" data-element_type=\"section\">\r\n\t\t\t\t\t\t\t\t<div class=\"elementor-container elementor-column-gap-default\">\r\n\t\t\t\t\r\n\t\t\t\t\t\t\t\t<div class=\" elementor-column elementor-col-50 elementor-top-column elementor-element elementor-element-ff9d6b1 \" data-id=\"ff9d6b1\" data-element_type=\"column\">\r\n\r\n\t\t\t\t\r\n\t\t\t\t<div class=\"elementor-widget-wrap elementor-element-populated\">\r\n\t\t\t\t\t\t\t\t\t\t\r\n\t\t\t\t\t\t<div class=\"elementor-element elementor-element-25298a4 elementor-widget elementor-widget-text-editor\" data-id=\"25298a4\" data-element_type=\"widget\" data-widget_type=\"text-editor.default\">\n\t\t\t\t<div class=\"elementor-widget-container\">\n\t\t\t\t\t\t\t<h2>Kwaliteit &amp; smaak<\/h2>\n<p>Foster Fast Food draagt kwaliteit hoog in het vaandel. We leggen de lat hoog voor onszelf en voor onze leveranciers. Onze producten worden meestal gemaakt volgens onze eigen specificaties, en elke leveranciers wordt vooraf grondig gescreend. Die focus op kwaliteit leverde ons in 2010 een BRC-certificaat op.   <\/p>\n\t\t\t\t\t\t<\/div>\n\t\t\t\t<\/div>\n\t\t\t\t\t\t<\/div>\r\n\t\t\t\t<\/div>\r\n\t\t\t\t\t\t\t\t\t<div class=\" elementor-column elementor-col-50 elementor-top-column elementor-element elementor-element-8e75a7b \" data-id=\"8e75a7b\" data-element_type=\"column\">\r\n\r\n\t\t\t\t\r\n\t\t\t\t<div class=\"elementor-widget-wrap elementor-element-populated\">\r\n\t\t\t\t\t\t\t\t\t\t\r\n\t\t\t\t\t\t<div class=\"elementor-element elementor-element-f942f47 elementor-widget elementor-widget-image\" data-id=\"f942f47\" data-element_type=\"widget\" data-widget_type=\"image.default\">\n\t\t\t\t<div class=\"elementor-widget-container\">\n\t\t\t\t\t\t\t\t\t\t\t\t\t\t\t<img loading=\"lazy\" decoding=\"async\" width=\"1024\" height=\"655\" src=\"https:\/\/foster.bidfood.be\/wp-content\/uploads\/2025\/06\/quality_2022-01-26-093123_buoc-1024x655.jpg\" class=\"attachment-large size-large wp-image-6885\" alt=\"\" srcset=\"https:\/\/foster.bidfood.be\/wp-content\/uploads\/2025\/06\/quality_2022-01-26-093123_buoc-1024x655.jpg 1024w, https:\/\/foster.bidfood.be\/wp-content\/uploads\/2025\/06\/quality_2022-01-26-093123_buoc-768x491.jpg 768w\" sizes=\"(max-width: 1024px) 100vw, 1024px\" \/>\t\t\t\t\t\t\t\t\t\t\t\t\t\t\t<\/div>\n\t\t\t\t<\/div>\n\t\t\t\t\t\t<\/div>\r\n\t\t\t\t<\/div>\r\n\t\t\t\t\t\t\t\t<\/div>\r\n\t\t\t<\/section>\r\n\t\t\t\t\t\t\t\t<\/div>\n\t\t","protected":false},"excerpt":{"rendered":"<p>Historiek Opgericht in 1985 door Maurice Van Hoof als een specialist in het aanbieden van fast food concepten. Maurice had ervaring aangezien hij aan de basis lag van de opstart van \u00e9\u00e9n van de grootste leiders in fast food hier in Belgi\u00eb. Sinds 1996 is het bedrijf gevestigd in de instrustriezone van Mechelen Noord. In [&hellip;]<\/p>\n","protected":false},"author":2,"featured_media":0,"parent":2799,"menu_order":0,"comment_status":"closed","ping_status":"closed","template":"","meta":{"_monsterinsights_skip_tracking":false,"_monsterinsights_sitenote_active":false,"_monsterinsights_sitenote_note":"","_monsterinsights_sitenote_category":0,"footnotes":""},"class_list":["post-2827","page","type-page","status-publish","hentry"],"_links":{"self":[{"href":"https:\/\/foster.bidfood.be\/nl\/wp-json\/wp\/v2\/pages\/2827","targetHints":{"allow":["GET"]}}],"collection":[{"href":"https:\/\/foster.bidfood.be\/nl\/wp-json\/wp\/v2\/pages"}],"about":[{"href":"https:\/\/foster.bidfood.be\/nl\/wp-json\/wp\/v2\/types\/page"}],"author":[{"embeddable":true,"href":"https:\/\/foster.bidfood.be\/nl\/wp-json\/wp\/v2\/users\/2"}],"replies":[{"embeddable":true,"href":"https:\/\/foster.bidfood.be\/nl\/wp-json\/wp\/v2\/comments?post=2827"}],"version-history":[{"count":0,"href":"https:\/\/foster.bidfood.be\/nl\/wp-json\/wp\/v2\/pages\/2827\/revisions"}],"up":[{"embeddable":true,"href":"https:\/\/foster.bidfood.be\/nl\/wp-json\/wp\/v2\/pages\/2799"}],"wp:attachment":[{"href":"https:\/\/foster.bidfood.be\/nl\/wp-json\/wp\/v2\/media?parent=2827"}],"curies":[{"name":"wp","href":"https:\/\/api.w.org\/{rel}","templated":true}]}}